{"id":1388,"date":"2025-03-09T20:03:27","date_gmt":"2025-03-09T20:03:27","guid":{"rendered":"https:\/\/wpit.whoots.org\/contacts\/"},"modified":"2025-07-12T07:29:09","modified_gmt":"2025-07-12T07:29:09","slug":"contacts","status":"publish","type":"page","link":"https:\/\/truenmbstapp.de\/cs\/contacts\/","title":{"rendered":"Kontakty"},"content":{"rendered":"\n<p>Z\u00e1le\u017e\u00ed n\u00e1m na na\u0161ich u\u017eivatel\u00edch a na ochran\u011b jejich soukrom\u00ed.<br>Pokud m\u00e1te dotazy, narazili jste na probl\u00e9m (nap\u0159\u00edklad s platbou nebo registrac\u00ed), nebo se domn\u00edv\u00e1te, \u017ee byla poru\u0161ena va\u0161e pr\u00e1va, kontaktujte n\u00e1s na adrese: <strong><a class=\"\">support@numbuster.com<\/a><\/strong><\/p>\n\n\n\n<p>Nebo vypl\u0148te formul\u00e1\u0159 n\u00ed\u017ee. Odpov\u00edme co nejd\u0159\u00edve a pom\u016f\u017eeme v\u00e1m situaci vy\u0159e\u0161it.<\/p>\n\n\n\n<p><\/p>\n\n\n\n<div class=\"wpcf7 no-js\" id=\"wpcf7-f1777-o1\" lang=\"cs-CZ\" dir=\"ltr\">\n<div class=\"screen-reader-response\"><p role=\"status\" aria-live=\"polite\" aria-atomic=\"true\"><\/p> <ul><\/ul><\/div>\n<form action=\"\/cs\/wp-json\/wp\/v2\/pages\/1388#wpcf7-f1777-o1\" method=\"post\" class=\"wpcf7-form init wpcf7-acceptance-as-validation\" aria-label=\"Contact form\" novalidate=\"novalidate\" data-status=\"init\">\n<div style=\"display: none;\">\n<input type=\"hidden\" name=\"_wpcf7\" value=\"1777\" \/>\n<input type=\"hidden\" name=\"_wpcf7_version\" value=\"5.9.8\" \/>\n<input type=\"hidden\" name=\"_wpcf7_locale\" value=\"cs_CZ\" \/>\n<input type=\"hidden\" name=\"_wpcf7_unit_tag\" value=\"wpcf7-f1777-o1\" \/>\n<input type=\"hidden\" name=\"_wpcf7_container_post\" value=\"0\" \/>\n<input type=\"hidden\" name=\"_wpcf7_posted_data_hash\" value=\"\" \/>\n<input type=\"hidden\" name=\"_wpcf7_recaptcha_response\" value=\"\" \/>\n<\/div>\n<div class=\"support-form\">\n<div class=\"support-form__wrapper\">\n    <span class=\"wpcf7-form-control-wrap\" data-name=\"your-name\"><input size=\"40\" maxlength=\"400\" class=\"wpcf7-form-control wpcf7-text wpcf7-validates-as-required support-form__input\" autocomplete=\"name\" aria-required=\"true\" aria-invalid=\"false\" placeholder=\"Cel\u00e9 jm\u00e9no\" value=\"\" type=\"text\" name=\"your-name\" \/><\/span>\n\n    <span class=\"wpcf7-form-control-wrap\" data-name=\"your-email\"><input size=\"40\" maxlength=\"400\" class=\"wpcf7-form-control wpcf7-email wpcf7-validates-as-required wpcf7-text wpcf7-validates-as-email support-form__input\" autocomplete=\"email\" aria-required=\"true\" aria-invalid=\"false\" placeholder=\"E-mailov\u00e1 adresa\" value=\"\" type=\"email\" name=\"your-email\" \/><\/span>\n\n    <span class=\"wpcf7-form-control-wrap\" data-name=\"your-message\"><textarea cols=\"40\" rows=\"10\" maxlength=\"2000\" class=\"wpcf7-form-control wpcf7-textarea wpcf7-validates-as-required support-form__input support-form__input_area\" aria-required=\"true\" aria-invalid=\"false\" placeholder=\"Zadejte svou zpr\u00e1vu n\u00ed\u017ee\" name=\"your-message\"><\/textarea><\/span>\n\n    <span class=\"wpcf7-form-control-wrap\" data-name=\"terms-agree\"><span class=\"wpcf7-form-control wpcf7-acceptance\"><span class=\"wpcf7-list-item\"><label><input type=\"checkbox\" name=\"terms-agree\" value=\"1\" class=\"support-form__agree\" aria-invalid=\"false\" \/><span class=\"wpcf7-list-item-label\"><span>P\u0159e\u010detl(a) jsem si a souhlas\u00edm s&nbsp;<a href=\"\/cs\/tos\/\">podm\u00ednkami<\/a>.<\/span><\/span><\/label><\/span><\/span><\/span>\n\n    <button type=\"submit\" class=\"wpcf7-form-control wpcf7-submit has-spinner support-form__submit\" >Odeslat<\/button>\n    \n    <span class=\"support-form__spinner\"><\/span>\n\n<\/div>\n<\/div><div class=\"wpcf7-response-output\" aria-hidden=\"true\"><\/div>\n<\/form>\n<\/div>\n\n","protected":false},"excerpt":{"rendered":"<p>Z\u00e1le\u017e\u00ed n\u00e1m na na\u0161ich u\u017eivatel\u00edch a na ochran\u011b jejich soukrom\u00ed.Pokud m\u00e1te dotazy, narazili jste na probl\u00e9m (nap\u0159\u00edklad s platbou nebo registrac\u00ed), nebo se domn\u00edv\u00e1te, \u017ee byla poru\u0161ena va\u0161e pr\u00e1va, kontaktujte n\u00e1s na adrese: support@numbuster.com Nebo vypl\u0148te formul\u00e1\u0159 n\u00ed\u017ee. Odpov\u00edme co nejd\u0159\u00edve a pom\u016f\u017eeme v\u00e1m situaci vy\u0159e\u0161it.<\/p>\n","protected":false},"author":1,"featured_media":0,"parent":0,"menu_order":0,"comment_status":"closed","ping_status":"closed","template":"","meta":{"_acf_changed":false,"footnotes":""},"class_list":["post-1388","page","type-page","status-publish","hentry"],"acf":[],"yoast_head":"<!-- This site is optimized with the Yoast SEO plugin v23.4 - https:\/\/yoast.com\/wordpress\/plugins\/seo\/ -->\n<title>Kontakty - NumBuster<\/title>\n<meta name=\"description\" content=\"Kontaktujte podporu NumBuster s dotazy ohledn\u011b plateb, registrace nebo poru\u0161en\u00ed pr\u00e1v. Pomoc z\u00edsk\u00e1te e-mailem nebo p\u0159es kontaktn\u00ed formul\u00e1\u0159.\" \/>\n<meta name=\"robots\" content=\"index, follow, max-snippet:-1, max-image-preview:large, max-video-preview:-1\" \/>\n<link rel=\"canonical\" href=\"https:\/\/truenmbstapp.de\/cs\/contacts\/\" \/>\n<meta property=\"og:locale\" content=\"cs_CZ\" \/>\n<meta property=\"og:type\" content=\"article\" \/>\n<meta property=\"og:title\" content=\"Kontakty - NumBuster\" \/>\n<meta property=\"og:description\" content=\"Kontaktujte podporu NumBuster s dotazy ohledn\u011b plateb, registrace nebo poru\u0161en\u00ed pr\u00e1v. Pomoc z\u00edsk\u00e1te e-mailem nebo p\u0159es kontaktn\u00ed formul\u00e1\u0159.\" \/>\n<meta property=\"og:url\" content=\"https:\/\/truenmbstapp.de\/cs\/contacts\/\" \/>\n<meta property=\"og:site_name\" content=\"NumBuster\" \/>\n<meta property=\"article:modified_time\" content=\"2025-07-12T07:29:09+00:00\" \/>\n<meta name=\"twitter:card\" content=\"summary_large_image\" \/>\n<meta name=\"twitter:label1\" content=\"Est. reading time\" \/>\n\t<meta name=\"twitter:data1\" content=\"1 minute\" \/>\n<script type=\"application\/ld+json\" class=\"yoast-schema-graph\">{\"@context\":\"https:\/\/schema.org\",\"@graph\":[{\"@type\":\"WebPage\",\"@id\":\"https:\/\/truenmbstapp.de\/cs\/contacts\/\",\"url\":\"https:\/\/truenmbstapp.de\/cs\/contacts\/\",\"name\":\"Kontakty - NumBuster\",\"isPartOf\":{\"@id\":\"https:\/\/numbuster.com\/en\/#website\"},\"datePublished\":\"2025-03-09T20:03:27+00:00\",\"dateModified\":\"2025-07-12T07:29:09+00:00\",\"description\":\"Kontaktujte podporu NumBuster s dotazy ohledn\u011b plateb, registrace nebo poru\u0161en\u00ed pr\u00e1v. Pomoc z\u00edsk\u00e1te e-mailem nebo p\u0159es kontaktn\u00ed formul\u00e1\u0159.\",\"breadcrumb\":{\"@id\":\"https:\/\/truenmbstapp.de\/cs\/contacts\/#breadcrumb\"},\"inLanguage\":\"cs-CZ\",\"potentialAction\":[{\"@type\":\"ReadAction\",\"target\":[\"https:\/\/truenmbstapp.de\/cs\/contacts\/\"]}]},{\"@type\":\"BreadcrumbList\",\"@id\":\"https:\/\/truenmbstapp.de\/cs\/contacts\/#breadcrumb\",\"itemListElement\":[{\"@type\":\"ListItem\",\"position\":1,\"name\":\"Home\",\"item\":\"https:\/\/numbuster.com\/cs\/\"},{\"@type\":\"ListItem\",\"position\":2,\"name\":\"Kontakty\"}]},{\"@type\":\"WebSite\",\"@id\":\"https:\/\/numbuster.com\/en\/#website\",\"url\":\"https:\/\/numbuster.com\/en\/\",\"name\":\"NumBuster\",\"description\":\"\",\"potentialAction\":[{\"@type\":\"SearchAction\",\"target\":{\"@type\":\"EntryPoint\",\"urlTemplate\":\"https:\/\/numbuster.com\/en\/?s={search_term_string}\"},\"query-input\":{\"@type\":\"PropertyValueSpecification\",\"valueRequired\":true,\"valueName\":\"search_term_string\"}}],\"inLanguage\":\"cs-CZ\"}]}<\/script>\n<!-- \/ Yoast SEO plugin. -->","yoast_head_json":{"title":"Kontakty - NumBuster","description":"Kontaktujte podporu NumBuster s dotazy ohledn\u011b plateb, registrace nebo poru\u0161en\u00ed pr\u00e1v. Pomoc z\u00edsk\u00e1te e-mailem nebo p\u0159es kontaktn\u00ed formul\u00e1\u0159.","robots":{"index":"index","follow":"follow","max-snippet":"max-snippet:-1","max-image-preview":"max-image-preview:large","max-video-preview":"max-video-preview:-1"},"canonical":"https:\/\/truenmbstapp.de\/cs\/contacts\/","og_locale":"cs_CZ","og_type":"article","og_title":"Kontakty - NumBuster","og_description":"Kontaktujte podporu NumBuster s dotazy ohledn\u011b plateb, registrace nebo poru\u0161en\u00ed pr\u00e1v. Pomoc z\u00edsk\u00e1te e-mailem nebo p\u0159es kontaktn\u00ed formul\u00e1\u0159.","og_url":"https:\/\/truenmbstapp.de\/cs\/contacts\/","og_site_name":"NumBuster","article_modified_time":"2025-07-12T07:29:09+00:00","twitter_card":"summary_large_image","twitter_misc":{"Est. reading time":"1 minute"},"schema":{"@context":"https:\/\/schema.org","@graph":[{"@type":"WebPage","@id":"https:\/\/truenmbstapp.de\/cs\/contacts\/","url":"https:\/\/truenmbstapp.de\/cs\/contacts\/","name":"Kontakty - NumBuster","isPartOf":{"@id":"https:\/\/numbuster.com\/en\/#website"},"datePublished":"2025-03-09T20:03:27+00:00","dateModified":"2025-07-12T07:29:09+00:00","description":"Kontaktujte podporu NumBuster s dotazy ohledn\u011b plateb, registrace nebo poru\u0161en\u00ed pr\u00e1v. Pomoc z\u00edsk\u00e1te e-mailem nebo p\u0159es kontaktn\u00ed formul\u00e1\u0159.","breadcrumb":{"@id":"https:\/\/truenmbstapp.de\/cs\/contacts\/#breadcrumb"},"inLanguage":"cs-CZ","potentialAction":[{"@type":"ReadAction","target":["https:\/\/truenmbstapp.de\/cs\/contacts\/"]}]},{"@type":"BreadcrumbList","@id":"https:\/\/truenmbstapp.de\/cs\/contacts\/#breadcrumb","itemListElement":[{"@type":"ListItem","position":1,"name":"Home","item":"https:\/\/numbuster.com\/cs\/"},{"@type":"ListItem","position":2,"name":"Kontakty"}]},{"@type":"WebSite","@id":"https:\/\/numbuster.com\/en\/#website","url":"https:\/\/numbuster.com\/en\/","name":"NumBuster","description":"","potentialAction":[{"@type":"SearchAction","target":{"@type":"EntryPoint","urlTemplate":"https:\/\/numbuster.com\/en\/?s={search_term_string}"},"query-input":{"@type":"PropertyValueSpecification","valueRequired":true,"valueName":"search_term_string"}}],"inLanguage":"cs-CZ"}]}},"_links":{"self":[{"href":"https:\/\/truenmbstapp.de\/cs\/wp-json\/wp\/v2\/pages\/1388","targetHints":{"allow":["GET"]}}],"collection":[{"href":"https:\/\/truenmbstapp.de\/cs\/wp-json\/wp\/v2\/pages"}],"about":[{"href":"https:\/\/truenmbstapp.de\/cs\/wp-json\/wp\/v2\/types\/page"}],"author":[{"embeddable":true,"href":"https:\/\/truenmbstapp.de\/cs\/wp-json\/wp\/v2\/users\/1"}],"replies":[{"embeddable":true,"href":"https:\/\/truenmbstapp.de\/cs\/wp-json\/wp\/v2\/comments?post=1388"}],"version-history":[{"count":3,"href":"https:\/\/truenmbstapp.de\/cs\/wp-json\/wp\/v2\/pages\/1388\/revisions"}],"predecessor-version":[{"id":2126,"href":"https:\/\/truenmbstapp.de\/cs\/wp-json\/wp\/v2\/pages\/1388\/revisions\/2126"}],"wp:attachment":[{"href":"https:\/\/truenmbstapp.de\/cs\/wp-json\/wp\/v2\/media?parent=1388"}],"curies":[{"name":"wp","href":"https:\/\/api.w.org\/{rel}","templated":true}]}}