{"id":1364,"date":"2025-03-09T19:49:22","date_gmt":"2025-03-09T19:49:22","guid":{"rendered":"https:\/\/wpit.whoots.org\/about\/"},"modified":"2025-07-28T13:37:58","modified_gmt":"2025-07-28T13:37:58","slug":"about","status":"publish","type":"page","link":"https:\/\/truenmbstapp.de\/es\/about\/","title":{"rendered":"Acerca de"},"content":{"rendered":"\n<p>Desde 2014, nuestra empresa se ha comprometido a garantizar la seguridad y el confort en las comunicaciones m\u00f3viles. La aplicaci\u00f3n m\u00f3vil gratuita <strong>NumBuster<\/strong> ha sido dise\u00f1ada para ofrecer protecci\u00f3n continua y fiable contra el fraude telef\u00f3nico y el spam.<\/p>\n\n\n\n<p>El objetivo principal de <strong>NumBuster<\/strong> es proteger a los usuarios de contactos no deseados y potencialmente peligrosos. La app identifica autom\u00e1ticamente los n\u00fameros desconocidos y muestra informaci\u00f3n del llamante, incluso si no est\u00e1 guardado en tu agenda. Si un n\u00famero ha sido marcado como spam o fraude, recibir\u00e1s una advertencia.<\/p>\n\n\n\n<p>Entendemos la importancia de la privacidad personal, por eso <strong>NumBuster<\/strong> permite bloquear llamadas y mensajes, brindando tranquilidad y seguridad. Adem\u00e1s, los usuarios pueden dejar opiniones y asignar valoraciones a los n\u00fameros para ayudar a otros a evitar posibles amenazas.<\/p>\n\n\n\n<p>Nuestro equipo mejora constantemente la aplicaci\u00f3n bas\u00e1ndose en los comentarios y necesidades de los usuarios, con el fin de ofrecer la m\u00e1xima protecci\u00f3n y una experiencia c\u00f3moda. Millones de personas en todo el mundo utilizan la aplicaci\u00f3n gratuita <strong>NumBuster<\/strong>.<\/p>\n","protected":false},"excerpt":{"rendered":"<p>Desde 2014, nuestra empresa se ha comprometido a garantizar la seguridad y el confort en las comunicaciones m\u00f3viles. La aplicaci\u00f3n m\u00f3vil gratuita NumBuster ha sido dise\u00f1ada para ofrecer protecci\u00f3n continua y fiable contra el fraude telef\u00f3nico y el spam. El objetivo principal de NumBuster es proteger a los usuarios de contactos no deseados y potencialmente [&hellip;]<\/p>\n","protected":false},"author":1,"featured_media":0,"parent":0,"menu_order":0,"comment_status":"closed","ping_status":"closed","template":"","meta":{"_acf_changed":false,"footnotes":""},"class_list":["post-1364","page","type-page","status-publish","hentry"],"acf":[],"yoast_head":"<!-- This site is optimized with the Yoast SEO plugin v23.4 - https:\/\/yoast.com\/wordpress\/plugins\/seo\/ -->\n<title>Acerca de - NumBuster<\/title>\n<meta name=\"description\" content=\"NumBuster te protege del spam y las estafas telef\u00f3nicas. Identifica n\u00fameros, bloquea llamadas y consulta opiniones\" \/>\n<meta name=\"robots\" content=\"index, follow, max-snippet:-1, max-image-preview:large, max-video-preview:-1\" \/>\n<link rel=\"canonical\" href=\"https:\/\/truenmbstapp.de\/es\/about\/\" \/>\n<meta property=\"og:locale\" content=\"es_ES\" \/>\n<meta property=\"og:type\" content=\"article\" \/>\n<meta property=\"og:title\" content=\"Acerca de - NumBuster\" \/>\n<meta property=\"og:description\" content=\"NumBuster te protege del spam y las estafas telef\u00f3nicas. Identifica n\u00fameros, bloquea llamadas y consulta opiniones\" \/>\n<meta property=\"og:url\" content=\"https:\/\/truenmbstapp.de\/es\/about\/\" \/>\n<meta property=\"og:site_name\" content=\"NumBuster\" \/>\n<meta property=\"article:modified_time\" content=\"2025-07-28T13:37:58+00:00\" \/>\n<meta name=\"twitter:card\" content=\"summary_large_image\" \/>\n<meta name=\"twitter:label1\" content=\"Est. reading time\" \/>\n\t<meta name=\"twitter:data1\" content=\"1 minute\" \/>\n<script type=\"application\/ld+json\" class=\"yoast-schema-graph\">{\"@context\":\"https:\/\/schema.org\",\"@graph\":[{\"@type\":\"WebPage\",\"@id\":\"https:\/\/truenmbstapp.de\/es\/about\/\",\"url\":\"https:\/\/truenmbstapp.de\/es\/about\/\",\"name\":\"Acerca de - NumBuster\",\"isPartOf\":{\"@id\":\"https:\/\/numbuster.com\/en\/#website\"},\"datePublished\":\"2025-03-09T19:49:22+00:00\",\"dateModified\":\"2025-07-28T13:37:58+00:00\",\"description\":\"NumBuster te protege del spam y las estafas telef\u00f3nicas. Identifica n\u00fameros, bloquea llamadas y consulta opiniones\",\"breadcrumb\":{\"@id\":\"https:\/\/truenmbstapp.de\/es\/about\/#breadcrumb\"},\"inLanguage\":\"es-ES\",\"potentialAction\":[{\"@type\":\"ReadAction\",\"target\":[\"https:\/\/truenmbstapp.de\/es\/about\/\"]}]},{\"@type\":\"BreadcrumbList\",\"@id\":\"https:\/\/truenmbstapp.de\/es\/about\/#breadcrumb\",\"itemListElement\":[{\"@type\":\"ListItem\",\"position\":1,\"name\":\"Home\",\"item\":\"https:\/\/numbuster.pro\/es\/\"},{\"@type\":\"ListItem\",\"position\":2,\"name\":\"Acerca de\"}]},{\"@type\":\"WebSite\",\"@id\":\"https:\/\/numbuster.com\/en\/#website\",\"url\":\"https:\/\/numbuster.com\/en\/\",\"name\":\"NumBuster\",\"description\":\"\",\"potentialAction\":[{\"@type\":\"SearchAction\",\"target\":{\"@type\":\"EntryPoint\",\"urlTemplate\":\"https:\/\/numbuster.com\/en\/?s={search_term_string}\"},\"query-input\":{\"@type\":\"PropertyValueSpecification\",\"valueRequired\":true,\"valueName\":\"search_term_string\"}}],\"inLanguage\":\"es-ES\"}]}<\/script>\n<!-- \/ Yoast SEO plugin. -->","yoast_head_json":{"title":"Acerca de - NumBuster","description":"NumBuster te protege del spam y las estafas telef\u00f3nicas. Identifica n\u00fameros, bloquea llamadas y consulta opiniones","robots":{"index":"index","follow":"follow","max-snippet":"max-snippet:-1","max-image-preview":"max-image-preview:large","max-video-preview":"max-video-preview:-1"},"canonical":"https:\/\/truenmbstapp.de\/es\/about\/","og_locale":"es_ES","og_type":"article","og_title":"Acerca de - NumBuster","og_description":"NumBuster te protege del spam y las estafas telef\u00f3nicas. Identifica n\u00fameros, bloquea llamadas y consulta opiniones","og_url":"https:\/\/truenmbstapp.de\/es\/about\/","og_site_name":"NumBuster","article_modified_time":"2025-07-28T13:37:58+00:00","twitter_card":"summary_large_image","twitter_misc":{"Est. reading time":"1 minute"},"schema":{"@context":"https:\/\/schema.org","@graph":[{"@type":"WebPage","@id":"https:\/\/truenmbstapp.de\/es\/about\/","url":"https:\/\/truenmbstapp.de\/es\/about\/","name":"Acerca de - NumBuster","isPartOf":{"@id":"https:\/\/numbuster.com\/en\/#website"},"datePublished":"2025-03-09T19:49:22+00:00","dateModified":"2025-07-28T13:37:58+00:00","description":"NumBuster te protege del spam y las estafas telef\u00f3nicas. Identifica n\u00fameros, bloquea llamadas y consulta opiniones","breadcrumb":{"@id":"https:\/\/truenmbstapp.de\/es\/about\/#breadcrumb"},"inLanguage":"es-ES","potentialAction":[{"@type":"ReadAction","target":["https:\/\/truenmbstapp.de\/es\/about\/"]}]},{"@type":"BreadcrumbList","@id":"https:\/\/truenmbstapp.de\/es\/about\/#breadcrumb","itemListElement":[{"@type":"ListItem","position":1,"name":"Home","item":"https:\/\/numbuster.pro\/es\/"},{"@type":"ListItem","position":2,"name":"Acerca de"}]},{"@type":"WebSite","@id":"https:\/\/numbuster.com\/en\/#website","url":"https:\/\/numbuster.com\/en\/","name":"NumBuster","description":"","potentialAction":[{"@type":"SearchAction","target":{"@type":"EntryPoint","urlTemplate":"https:\/\/numbuster.com\/en\/?s={search_term_string}"},"query-input":{"@type":"PropertyValueSpecification","valueRequired":true,"valueName":"search_term_string"}}],"inLanguage":"es-ES"}]}},"_links":{"self":[{"href":"https:\/\/truenmbstapp.de\/es\/wp-json\/wp\/v2\/pages\/1364","targetHints":{"allow":["GET"]}}],"collection":[{"href":"https:\/\/truenmbstapp.de\/es\/wp-json\/wp\/v2\/pages"}],"about":[{"href":"https:\/\/truenmbstapp.de\/es\/wp-json\/wp\/v2\/types\/page"}],"author":[{"embeddable":true,"href":"https:\/\/truenmbstapp.de\/es\/wp-json\/wp\/v2\/users\/1"}],"replies":[{"embeddable":true,"href":"https:\/\/truenmbstapp.de\/es\/wp-json\/wp\/v2\/comments?post=1364"}],"version-history":[{"count":3,"href":"https:\/\/truenmbstapp.de\/es\/wp-json\/wp\/v2\/pages\/1364\/revisions"}],"predecessor-version":[{"id":2098,"href":"https:\/\/truenmbstapp.de\/es\/wp-json\/wp\/v2\/pages\/1364\/revisions\/2098"}],"wp:attachment":[{"href":"https:\/\/truenmbstapp.de\/es\/wp-json\/wp\/v2\/media?parent=1364"}],"curies":[{"name":"wp","href":"https:\/\/api.w.org\/{rel}","templated":true}]}}