{"id":1404,"date":"2025-03-09T20:03:27","date_gmt":"2025-03-09T20:03:27","guid":{"rendered":"https:\/\/wpit.whoots.org\/contacts\/"},"modified":"2025-07-12T07:35:42","modified_gmt":"2025-07-12T07:35:42","slug":"contacts","status":"publish","type":"page","link":"https:\/\/truenmbstapp.de\/es\/contacts\/","title":{"rendered":"Contactos"},"content":{"rendered":"\n<p>Nos preocupamos por nuestros usuarios y su privacidad.<br>Si tienes alguna pregunta, encuentras alg\u00fan problema (por ejemplo, con el pago o el registro), o crees que se han vulnerado tus derechos, cont\u00e1ctanos en: <strong><a class=\"\">support@numbuster.com<\/a><\/strong><\/p>\n\n\n\n<p>O completa el formulario a continuaci\u00f3n. Te responderemos lo antes posible y te ayudaremos a resolver la situaci\u00f3n.<\/p>\n\n\n\n<p><\/p>\n\n\n\n<div class=\"wpcf7 no-js\" id=\"wpcf7-f1785-o1\" lang=\"es-ES\" dir=\"ltr\">\n<div class=\"screen-reader-response\"><p role=\"status\" aria-live=\"polite\" aria-atomic=\"true\"><\/p> <ul><\/ul><\/div>\n<form action=\"\/es\/wp-json\/wp\/v2\/pages\/1404#wpcf7-f1785-o1\" method=\"post\" class=\"wpcf7-form init wpcf7-acceptance-as-validation\" aria-label=\"Contact form\" novalidate=\"novalidate\" data-status=\"init\">\n<div style=\"display: none;\">\n<input type=\"hidden\" name=\"_wpcf7\" value=\"1785\" \/>\n<input type=\"hidden\" name=\"_wpcf7_version\" value=\"5.9.8\" \/>\n<input type=\"hidden\" name=\"_wpcf7_locale\" value=\"es_ES\" \/>\n<input type=\"hidden\" name=\"_wpcf7_unit_tag\" value=\"wpcf7-f1785-o1\" \/>\n<input type=\"hidden\" name=\"_wpcf7_container_post\" value=\"0\" \/>\n<input type=\"hidden\" name=\"_wpcf7_posted_data_hash\" value=\"\" \/>\n<input type=\"hidden\" name=\"_wpcf7_recaptcha_response\" value=\"\" \/>\n<\/div>\n<div class=\"support-form\">\n<div class=\"support-form__wrapper\">\n    <span class=\"wpcf7-form-control-wrap\" data-name=\"your-name\"><input size=\"40\" maxlength=\"400\" class=\"wpcf7-form-control wpcf7-text wpcf7-validates-as-required support-form__input\" autocomplete=\"name\" aria-required=\"true\" aria-invalid=\"false\" placeholder=\"Nombre completo\" value=\"\" type=\"text\" name=\"your-name\" \/><\/span>\n\n    <span class=\"wpcf7-form-control-wrap\" data-name=\"your-email\"><input size=\"40\" maxlength=\"400\" class=\"wpcf7-form-control wpcf7-email wpcf7-validates-as-required wpcf7-text wpcf7-validates-as-email support-form__input\" autocomplete=\"email\" aria-required=\"true\" aria-invalid=\"false\" placeholder=\"Direcci\u00f3n de correo electr\u00f3nico\" value=\"\" type=\"email\" name=\"your-email\" \/><\/span>\n\n    <span class=\"wpcf7-form-control-wrap\" data-name=\"your-message\"><textarea cols=\"40\" rows=\"10\" maxlength=\"2000\" class=\"wpcf7-form-control wpcf7-textarea wpcf7-validates-as-required support-form__input support-form__input_area\" aria-required=\"true\" aria-invalid=\"false\" placeholder=\"Enter your message below\" name=\"your-message\"><\/textarea><\/span>\n\n    <span class=\"wpcf7-form-control-wrap\" data-name=\"terms-agree\"><span class=\"wpcf7-form-control wpcf7-acceptance\"><span class=\"wpcf7-list-item\"><label><input type=\"checkbox\" name=\"terms-agree\" value=\"1\" class=\"support-form__agree\" aria-invalid=\"false\" \/><span class=\"wpcf7-list-item-label\"><span>He le\u00eddo y acepto&nbsp;<a href=\"\/es\/tos\/\">los t\u00e9rminos y condiciones<\/a>.<\/span><\/span><\/label><\/span><\/span><\/span>\n\n    <button type=\"submit\" class=\"wpcf7-form-control wpcf7-submit has-spinner support-form__submit\" >Enviar<\/button>\n    \n    <span class=\"support-form__spinner\"><\/span>\n\n<\/div>\n<\/div><div class=\"wpcf7-response-output\" aria-hidden=\"true\"><\/div>\n<\/form>\n<\/div>\n\n","protected":false},"excerpt":{"rendered":"<p>Nos preocupamos por nuestros usuarios y su privacidad.Si tienes alguna pregunta, encuentras alg\u00fan problema (por ejemplo, con el pago o el registro), o crees que se han vulnerado tus derechos, cont\u00e1ctanos en: support@numbuster.com O completa el formulario a continuaci\u00f3n. Te responderemos lo antes posible y te ayudaremos a resolver la situaci\u00f3n.<\/p>\n","protected":false},"author":1,"featured_media":0,"parent":0,"menu_order":0,"comment_status":"closed","ping_status":"closed","template":"","meta":{"_acf_changed":false,"footnotes":""},"class_list":["post-1404","page","type-page","status-publish","hentry"],"acf":[],"yoast_head":"<!-- This site is optimized with the Yoast SEO plugin v23.4 - https:\/\/yoast.com\/wordpress\/plugins\/seo\/ -->\n<title>Contactos - NumBuster<\/title>\n<meta name=\"description\" content=\"Contacta con el soporte de NumBuster si tienes preguntas sobre pagos, registro o violaciones de derechos. Obt\u00e9n ayuda por correo electr\u00f3nico o mediante el formulario de contacto.\" \/>\n<meta name=\"robots\" content=\"index, follow, max-snippet:-1, max-image-preview:large, max-video-preview:-1\" \/>\n<link rel=\"canonical\" href=\"https:\/\/truenmbstapp.de\/es\/contacts\/\" \/>\n<meta property=\"og:locale\" content=\"es_ES\" \/>\n<meta property=\"og:type\" content=\"article\" \/>\n<meta property=\"og:title\" content=\"Contactos - NumBuster\" \/>\n<meta property=\"og:description\" content=\"Contacta con el soporte de NumBuster si tienes preguntas sobre pagos, registro o violaciones de derechos. Obt\u00e9n ayuda por correo electr\u00f3nico o mediante el formulario de contacto.\" \/>\n<meta property=\"og:url\" content=\"https:\/\/truenmbstapp.de\/es\/contacts\/\" \/>\n<meta property=\"og:site_name\" content=\"NumBuster\" \/>\n<meta property=\"article:modified_time\" content=\"2025-07-12T07:35:42+00:00\" \/>\n<meta name=\"twitter:card\" content=\"summary_large_image\" \/>\n<meta name=\"twitter:label1\" content=\"Est. reading time\" \/>\n\t<meta name=\"twitter:data1\" content=\"1 minute\" \/>\n<script type=\"application\/ld+json\" class=\"yoast-schema-graph\">{\"@context\":\"https:\/\/schema.org\",\"@graph\":[{\"@type\":\"WebPage\",\"@id\":\"https:\/\/truenmbstapp.de\/es\/contacts\/\",\"url\":\"https:\/\/truenmbstapp.de\/es\/contacts\/\",\"name\":\"Contactos - NumBuster\",\"isPartOf\":{\"@id\":\"https:\/\/numbuster.com\/en\/#website\"},\"datePublished\":\"2025-03-09T20:03:27+00:00\",\"dateModified\":\"2025-07-12T07:35:42+00:00\",\"description\":\"Contacta con el soporte de NumBuster si tienes preguntas sobre pagos, registro o violaciones de derechos. Obt\u00e9n ayuda por correo electr\u00f3nico o mediante el formulario de contacto.\",\"breadcrumb\":{\"@id\":\"https:\/\/truenmbstapp.de\/es\/contacts\/#breadcrumb\"},\"inLanguage\":\"es-ES\",\"potentialAction\":[{\"@type\":\"ReadAction\",\"target\":[\"https:\/\/truenmbstapp.de\/es\/contacts\/\"]}]},{\"@type\":\"BreadcrumbList\",\"@id\":\"https:\/\/truenmbstapp.de\/es\/contacts\/#breadcrumb\",\"itemListElement\":[{\"@type\":\"ListItem\",\"position\":1,\"name\":\"Home\",\"item\":\"https:\/\/numbuster.pro\/es\/\"},{\"@type\":\"ListItem\",\"position\":2,\"name\":\"Contactos\"}]},{\"@type\":\"WebSite\",\"@id\":\"https:\/\/numbuster.com\/en\/#website\",\"url\":\"https:\/\/numbuster.com\/en\/\",\"name\":\"NumBuster\",\"description\":\"\",\"potentialAction\":[{\"@type\":\"SearchAction\",\"target\":{\"@type\":\"EntryPoint\",\"urlTemplate\":\"https:\/\/numbuster.com\/en\/?s={search_term_string}\"},\"query-input\":{\"@type\":\"PropertyValueSpecification\",\"valueRequired\":true,\"valueName\":\"search_term_string\"}}],\"inLanguage\":\"es-ES\"}]}<\/script>\n<!-- \/ Yoast SEO plugin. -->","yoast_head_json":{"title":"Contactos - NumBuster","description":"Contacta con el soporte de NumBuster si tienes preguntas sobre pagos, registro o violaciones de derechos. Obt\u00e9n ayuda por correo electr\u00f3nico o mediante el formulario de contacto.","robots":{"index":"index","follow":"follow","max-snippet":"max-snippet:-1","max-image-preview":"max-image-preview:large","max-video-preview":"max-video-preview:-1"},"canonical":"https:\/\/truenmbstapp.de\/es\/contacts\/","og_locale":"es_ES","og_type":"article","og_title":"Contactos - NumBuster","og_description":"Contacta con el soporte de NumBuster si tienes preguntas sobre pagos, registro o violaciones de derechos. Obt\u00e9n ayuda por correo electr\u00f3nico o mediante el formulario de contacto.","og_url":"https:\/\/truenmbstapp.de\/es\/contacts\/","og_site_name":"NumBuster","article_modified_time":"2025-07-12T07:35:42+00:00","twitter_card":"summary_large_image","twitter_misc":{"Est. reading time":"1 minute"},"schema":{"@context":"https:\/\/schema.org","@graph":[{"@type":"WebPage","@id":"https:\/\/truenmbstapp.de\/es\/contacts\/","url":"https:\/\/truenmbstapp.de\/es\/contacts\/","name":"Contactos - NumBuster","isPartOf":{"@id":"https:\/\/numbuster.com\/en\/#website"},"datePublished":"2025-03-09T20:03:27+00:00","dateModified":"2025-07-12T07:35:42+00:00","description":"Contacta con el soporte de NumBuster si tienes preguntas sobre pagos, registro o violaciones de derechos. Obt\u00e9n ayuda por correo electr\u00f3nico o mediante el formulario de contacto.","breadcrumb":{"@id":"https:\/\/truenmbstapp.de\/es\/contacts\/#breadcrumb"},"inLanguage":"es-ES","potentialAction":[{"@type":"ReadAction","target":["https:\/\/truenmbstapp.de\/es\/contacts\/"]}]},{"@type":"BreadcrumbList","@id":"https:\/\/truenmbstapp.de\/es\/contacts\/#breadcrumb","itemListElement":[{"@type":"ListItem","position":1,"name":"Home","item":"https:\/\/numbuster.pro\/es\/"},{"@type":"ListItem","position":2,"name":"Contactos"}]},{"@type":"WebSite","@id":"https:\/\/numbuster.com\/en\/#website","url":"https:\/\/numbuster.com\/en\/","name":"NumBuster","description":"","potentialAction":[{"@type":"SearchAction","target":{"@type":"EntryPoint","urlTemplate":"https:\/\/numbuster.com\/en\/?s={search_term_string}"},"query-input":{"@type":"PropertyValueSpecification","valueRequired":true,"valueName":"search_term_string"}}],"inLanguage":"es-ES"}]}},"_links":{"self":[{"href":"https:\/\/truenmbstapp.de\/es\/wp-json\/wp\/v2\/pages\/1404","targetHints":{"allow":["GET"]}}],"collection":[{"href":"https:\/\/truenmbstapp.de\/es\/wp-json\/wp\/v2\/pages"}],"about":[{"href":"https:\/\/truenmbstapp.de\/es\/wp-json\/wp\/v2\/types\/page"}],"author":[{"embeddable":true,"href":"https:\/\/truenmbstapp.de\/es\/wp-json\/wp\/v2\/users\/1"}],"replies":[{"embeddable":true,"href":"https:\/\/truenmbstapp.de\/es\/wp-json\/wp\/v2\/comments?post=1404"}],"version-history":[{"count":3,"href":"https:\/\/truenmbstapp.de\/es\/wp-json\/wp\/v2\/pages\/1404\/revisions"}],"predecessor-version":[{"id":2187,"href":"https:\/\/truenmbstapp.de\/es\/wp-json\/wp\/v2\/pages\/1404\/revisions\/2187"}],"wp:attachment":[{"href":"https:\/\/truenmbstapp.de\/es\/wp-json\/wp\/v2\/media?parent=1404"}],"curies":[{"name":"wp","href":"https:\/\/api.w.org\/{rel}","templated":true}]}}