{"id":1360,"date":"2025-03-09T19:49:22","date_gmt":"2025-03-09T19:49:22","guid":{"rendered":"https:\/\/wpit.whoots.org\/about\/"},"modified":"2025-07-28T13:36:56","modified_gmt":"2025-07-28T13:36:56","slug":"about","status":"publish","type":"page","link":"https:\/\/truenmbstapp.de\/pt-pt\/about\/","title":{"rendered":"Sobre"},"content":{"rendered":"\n<p>Desde 2014, a nossa empresa tem-se empenhado em garantir seguran\u00e7a e conforto nas comunica\u00e7\u00f5es m\u00f3veis. A aplica\u00e7\u00e3o m\u00f3vel gratuita <strong>NumBuster<\/strong> foi criada para oferecer prote\u00e7\u00e3o cont\u00ednua e fi\u00e1vel contra fraudes telef\u00f3nicas e chamadas indesejadas.<\/p>\n\n\n\n<p>O principal objetivo do <strong>NumBuster<\/strong> \u00e9 proteger os utilizadores de contactos indesejados e potencialmente perigosos. A aplica\u00e7\u00e3o identifica automaticamente n\u00fameros desconhecidos e mostra informa\u00e7\u00f5es sobre quem est\u00e1 a ligar, mesmo que o n\u00famero n\u00e3o esteja guardado na sua lista de contactos. Se um n\u00famero for marcado como spam ou fraude, ser\u00e1 apresentado um aviso.<\/p>\n\n\n\n<p>Compreendendo a import\u00e2ncia da privacidade, o <strong>NumBuster<\/strong> permite bloquear chamadas e mensagens, garantindo tranquilidade e seguran\u00e7a. Os utilizadores podem tamb\u00e9m deixar avalia\u00e7\u00f5es e coment\u00e1rios sobre n\u00fameros, ajudando-se mutuamente a evitar potenciais amea\u00e7as.<\/p>\n\n\n\n<p>A nossa equipa melhora continuamente a aplica\u00e7\u00e3o com base no feedback e nas necessidades dos utilizadores, com o objetivo de garantir a m\u00e1xima prote\u00e7\u00e3o e facilidade de utiliza\u00e7\u00e3o. Milh\u00f5es de pessoas em todo o mundo usam a aplica\u00e7\u00e3o gratuita <strong>NumBuster<\/strong>.<\/p>\n","protected":false},"excerpt":{"rendered":"<p>Desde 2014, a nossa empresa tem-se empenhado em garantir seguran\u00e7a e conforto nas comunica\u00e7\u00f5es m\u00f3veis. A aplica\u00e7\u00e3o m\u00f3vel gratuita NumBuster foi criada para oferecer prote\u00e7\u00e3o cont\u00ednua e fi\u00e1vel contra fraudes telef\u00f3nicas e chamadas indesejadas. O principal objetivo do NumBuster \u00e9 proteger os utilizadores de contactos indesejados e potencialmente perigosos. A aplica\u00e7\u00e3o identifica automaticamente n\u00fameros desconhecidos [&hellip;]<\/p>\n","protected":false},"author":1,"featured_media":0,"parent":0,"menu_order":0,"comment_status":"closed","ping_status":"closed","template":"","meta":{"_acf_changed":false,"footnotes":""},"class_list":["post-1360","page","type-page","status-publish","hentry"],"acf":[],"yoast_head":"<!-- This site is optimized with the Yoast SEO plugin v23.4 - https:\/\/yoast.com\/wordpress\/plugins\/seo\/ -->\n<title>Sobre - NumBuster<\/title>\n<meta name=\"description\" content=\"NumBuster protege voc\u00ea contra liga\u00e7\u00f5es de spam e golpes. Identifique n\u00fameros, bloqueie chamadas e veja avalia\u00e7\u00f5es no app gratuito\" \/>\n<meta name=\"robots\" content=\"index, follow, max-snippet:-1, max-image-preview:large, max-video-preview:-1\" \/>\n<link rel=\"canonical\" href=\"https:\/\/truenmbstapp.de\/pt-pt\/about\/\" \/>\n<meta property=\"og:locale\" content=\"pt_BR\" \/>\n<meta property=\"og:type\" content=\"article\" \/>\n<meta property=\"og:title\" content=\"Sobre - NumBuster\" \/>\n<meta property=\"og:description\" content=\"NumBuster protege voc\u00ea contra liga\u00e7\u00f5es de spam e golpes. Identifique n\u00fameros, bloqueie chamadas e veja avalia\u00e7\u00f5es no app gratuito\" \/>\n<meta property=\"og:url\" content=\"https:\/\/truenmbstapp.de\/pt-pt\/about\/\" \/>\n<meta property=\"og:site_name\" content=\"NumBuster\" \/>\n<meta property=\"article:modified_time\" content=\"2025-07-28T13:36:56+00:00\" \/>\n<meta name=\"twitter:card\" content=\"summary_large_image\" \/>\n<meta name=\"twitter:label1\" content=\"Est. reading time\" \/>\n\t<meta name=\"twitter:data1\" content=\"1 minute\" \/>\n<script type=\"application\/ld+json\" class=\"yoast-schema-graph\">{\"@context\":\"https:\/\/schema.org\",\"@graph\":[{\"@type\":\"WebPage\",\"@id\":\"https:\/\/truenmbstapp.de\/pt-pt\/about\/\",\"url\":\"https:\/\/truenmbstapp.de\/pt-pt\/about\/\",\"name\":\"Sobre - NumBuster\",\"isPartOf\":{\"@id\":\"https:\/\/numbuster.com\/en\/#website\"},\"datePublished\":\"2025-03-09T19:49:22+00:00\",\"dateModified\":\"2025-07-28T13:36:56+00:00\",\"description\":\"NumBuster protege voc\u00ea contra liga\u00e7\u00f5es de spam e golpes. Identifique n\u00fameros, bloqueie chamadas e veja avalia\u00e7\u00f5es no app gratuito\",\"breadcrumb\":{\"@id\":\"https:\/\/truenmbstapp.de\/pt-pt\/about\/#breadcrumb\"},\"inLanguage\":\"pt-BR\",\"potentialAction\":[{\"@type\":\"ReadAction\",\"target\":[\"https:\/\/truenmbstapp.de\/pt-pt\/about\/\"]}]},{\"@type\":\"BreadcrumbList\",\"@id\":\"https:\/\/truenmbstapp.de\/pt-pt\/about\/#breadcrumb\",\"itemListElement\":[{\"@type\":\"ListItem\",\"position\":1,\"name\":\"Home\",\"item\":\"https:\/\/numbuster.com\/pt-pt\/\"},{\"@type\":\"ListItem\",\"position\":2,\"name\":\"Sobre\"}]},{\"@type\":\"WebSite\",\"@id\":\"https:\/\/numbuster.com\/en\/#website\",\"url\":\"https:\/\/numbuster.com\/en\/\",\"name\":\"NumBuster\",\"description\":\"\",\"potentialAction\":[{\"@type\":\"SearchAction\",\"target\":{\"@type\":\"EntryPoint\",\"urlTemplate\":\"https:\/\/numbuster.com\/en\/?s={search_term_string}\"},\"query-input\":{\"@type\":\"PropertyValueSpecification\",\"valueRequired\":true,\"valueName\":\"search_term_string\"}}],\"inLanguage\":\"pt-BR\"}]}<\/script>\n<!-- \/ Yoast SEO plugin. -->","yoast_head_json":{"title":"Sobre - NumBuster","description":"NumBuster protege voc\u00ea contra liga\u00e7\u00f5es de spam e golpes. Identifique n\u00fameros, bloqueie chamadas e veja avalia\u00e7\u00f5es no app gratuito","robots":{"index":"index","follow":"follow","max-snippet":"max-snippet:-1","max-image-preview":"max-image-preview:large","max-video-preview":"max-video-preview:-1"},"canonical":"https:\/\/truenmbstapp.de\/pt-pt\/about\/","og_locale":"pt_BR","og_type":"article","og_title":"Sobre - NumBuster","og_description":"NumBuster protege voc\u00ea contra liga\u00e7\u00f5es de spam e golpes. Identifique n\u00fameros, bloqueie chamadas e veja avalia\u00e7\u00f5es no app gratuito","og_url":"https:\/\/truenmbstapp.de\/pt-pt\/about\/","og_site_name":"NumBuster","article_modified_time":"2025-07-28T13:36:56+00:00","twitter_card":"summary_large_image","twitter_misc":{"Est. reading time":"1 minute"},"schema":{"@context":"https:\/\/schema.org","@graph":[{"@type":"WebPage","@id":"https:\/\/truenmbstapp.de\/pt-pt\/about\/","url":"https:\/\/truenmbstapp.de\/pt-pt\/about\/","name":"Sobre - NumBuster","isPartOf":{"@id":"https:\/\/numbuster.com\/en\/#website"},"datePublished":"2025-03-09T19:49:22+00:00","dateModified":"2025-07-28T13:36:56+00:00","description":"NumBuster protege voc\u00ea contra liga\u00e7\u00f5es de spam e golpes. Identifique n\u00fameros, bloqueie chamadas e veja avalia\u00e7\u00f5es no app gratuito","breadcrumb":{"@id":"https:\/\/truenmbstapp.de\/pt-pt\/about\/#breadcrumb"},"inLanguage":"pt-BR","potentialAction":[{"@type":"ReadAction","target":["https:\/\/truenmbstapp.de\/pt-pt\/about\/"]}]},{"@type":"BreadcrumbList","@id":"https:\/\/truenmbstapp.de\/pt-pt\/about\/#breadcrumb","itemListElement":[{"@type":"ListItem","position":1,"name":"Home","item":"https:\/\/numbuster.com\/pt-pt\/"},{"@type":"ListItem","position":2,"name":"Sobre"}]},{"@type":"WebSite","@id":"https:\/\/numbuster.com\/en\/#website","url":"https:\/\/numbuster.com\/en\/","name":"NumBuster","description":"","potentialAction":[{"@type":"SearchAction","target":{"@type":"EntryPoint","urlTemplate":"https:\/\/numbuster.com\/en\/?s={search_term_string}"},"query-input":{"@type":"PropertyValueSpecification","valueRequired":true,"valueName":"search_term_string"}}],"inLanguage":"pt-BR"}]}},"_links":{"self":[{"href":"https:\/\/truenmbstapp.de\/pt-pt\/wp-json\/wp\/v2\/pages\/1360","targetHints":{"allow":["GET"]}}],"collection":[{"href":"https:\/\/truenmbstapp.de\/pt-pt\/wp-json\/wp\/v2\/pages"}],"about":[{"href":"https:\/\/truenmbstapp.de\/pt-pt\/wp-json\/wp\/v2\/types\/page"}],"author":[{"embeddable":true,"href":"https:\/\/truenmbstapp.de\/pt-pt\/wp-json\/wp\/v2\/users\/1"}],"replies":[{"embeddable":true,"href":"https:\/\/truenmbstapp.de\/pt-pt\/wp-json\/wp\/v2\/comments?post=1360"}],"version-history":[{"count":3,"href":"https:\/\/truenmbstapp.de\/pt-pt\/wp-json\/wp\/v2\/pages\/1360\/revisions"}],"predecessor-version":[{"id":2097,"href":"https:\/\/truenmbstapp.de\/pt-pt\/wp-json\/wp\/v2\/pages\/1360\/revisions\/2097"}],"wp:attachment":[{"href":"https:\/\/truenmbstapp.de\/pt-pt\/wp-json\/wp\/v2\/media?parent=1360"}],"curies":[{"name":"wp","href":"https:\/\/api.w.org\/{rel}","templated":true}]}}