{"id":420,"date":"2024-08-05T20:30:22","date_gmt":"2024-08-05T20:30:22","guid":{"rendered":"https:\/\/wpit.whoots.org\/main-page\/"},"modified":"2025-04-22T14:09:31","modified_gmt":"2025-04-22T14:09:31","slug":"main-page","status":"publish","type":"page","link":"https:\/\/truenmbstapp.de\/pt-pt\/","title":{"rendered":"Main page"},"content":{"rendered":"","protected":false},"excerpt":{"rendered":"","protected":false},"author":1,"featured_media":0,"parent":0,"menu_order":0,"comment_status":"closed","ping_status":"closed","template":"","meta":{"_acf_changed":false,"footnotes":""},"class_list":["post-420","page","type-page","status-publish","hentry"],"acf":[],"yoast_head":"<!-- This site is optimized with the Yoast SEO plugin v23.4 - https:\/\/yoast.com\/wordpress\/plugins\/seo\/ -->\n<title>NumBuster - Voc\u00ea sempre sabe quem est\u00e1 ligando<\/title>\n<meta name=\"description\" content=\"Um identificador de chamadas pr\u00e1tico para Android e iPhone. Informa\u00e7\u00f5es detalhadas sobre o n\u00famero, avalia\u00e7\u00f5es, coment\u00e1rios, tags e muito mais.\" \/>\n<meta name=\"robots\" content=\"index, follow, max-snippet:-1, max-image-preview:large, max-video-preview:-1\" \/>\n<link rel=\"canonical\" href=\"https:\/\/truenmbstapp.de\/pt-pt\/\" \/>\n<meta property=\"og:locale\" content=\"pt_BR\" \/>\n<meta property=\"og:type\" content=\"article\" \/>\n<meta property=\"og:title\" content=\"NumBuster - Voc\u00ea sempre sabe quem est\u00e1 ligando\" \/>\n<meta property=\"og:description\" content=\"Um identificador de chamadas pr\u00e1tico para Android e iPhone. Informa\u00e7\u00f5es detalhadas sobre o n\u00famero, avalia\u00e7\u00f5es, coment\u00e1rios, tags e muito mais.\" \/>\n<meta property=\"og:url\" content=\"https:\/\/truenmbstapp.de\/pt-pt\/\" \/>\n<meta property=\"og:site_name\" content=\"NumBuster\" \/>\n<meta property=\"article:modified_time\" content=\"2025-04-22T14:09:31+00:00\" \/>\n<meta name=\"twitter:card\" content=\"summary_large_image\" \/>\n<script type=\"application\/ld+json\" class=\"yoast-schema-graph\">{\"@context\":\"https:\/\/schema.org\",\"@graph\":[{\"@type\":\"WebPage\",\"@id\":\"https:\/\/truenmbstapp.de\/pt-pt\/\",\"url\":\"https:\/\/truenmbstapp.de\/pt-pt\/\",\"name\":\"NumBuster - Voc\u00ea sempre sabe quem est\u00e1 ligando\",\"isPartOf\":{\"@id\":\"https:\/\/numbuster.com\/en\/#website\"},\"datePublished\":\"2024-08-05T20:30:22+00:00\",\"dateModified\":\"2025-04-22T14:09:31+00:00\",\"description\":\"Um identificador de chamadas pr\u00e1tico para Android e iPhone. Informa\u00e7\u00f5es detalhadas sobre o n\u00famero, avalia\u00e7\u00f5es, coment\u00e1rios, tags e muito mais.\",\"breadcrumb\":{\"@id\":\"https:\/\/truenmbstapp.de\/pt-pt\/#breadcrumb\"},\"inLanguage\":\"pt-BR\",\"potentialAction\":[{\"@type\":\"ReadAction\",\"target\":[\"https:\/\/truenmbstapp.de\/pt-pt\/\"]}]},{\"@type\":\"BreadcrumbList\",\"@id\":\"https:\/\/truenmbstapp.de\/pt-pt\/#breadcrumb\",\"itemListElement\":[{\"@type\":\"ListItem\",\"position\":1,\"name\":\"Home\",\"item\":\"https:\/\/numbuster.com\/pt-pt\/\"},{\"@type\":\"ListItem\",\"position\":2,\"name\":\"Main page\"}]},{\"@type\":\"WebSite\",\"@id\":\"https:\/\/numbuster.com\/en\/#website\",\"url\":\"https:\/\/numbuster.com\/en\/\",\"name\":\"NumBuster\",\"description\":\"\",\"potentialAction\":[{\"@type\":\"SearchAction\",\"target\":{\"@type\":\"EntryPoint\",\"urlTemplate\":\"https:\/\/numbuster.com\/en\/?s={search_term_string}\"},\"query-input\":{\"@type\":\"PropertyValueSpecification\",\"valueRequired\":true,\"valueName\":\"search_term_string\"}}],\"inLanguage\":\"pt-BR\"}]}<\/script>\n<!-- \/ Yoast SEO plugin. -->","yoast_head_json":{"title":"NumBuster - Voc\u00ea sempre sabe quem est\u00e1 ligando","description":"Um identificador de chamadas pr\u00e1tico para Android e iPhone. Informa\u00e7\u00f5es detalhadas sobre o n\u00famero, avalia\u00e7\u00f5es, coment\u00e1rios, tags e muito mais.","robots":{"index":"index","follow":"follow","max-snippet":"max-snippet:-1","max-image-preview":"max-image-preview:large","max-video-preview":"max-video-preview:-1"},"canonical":"https:\/\/truenmbstapp.de\/pt-pt\/","og_locale":"pt_BR","og_type":"article","og_title":"NumBuster - Voc\u00ea sempre sabe quem est\u00e1 ligando","og_description":"Um identificador de chamadas pr\u00e1tico para Android e iPhone. Informa\u00e7\u00f5es detalhadas sobre o n\u00famero, avalia\u00e7\u00f5es, coment\u00e1rios, tags e muito mais.","og_url":"https:\/\/truenmbstapp.de\/pt-pt\/","og_site_name":"NumBuster","article_modified_time":"2025-04-22T14:09:31+00:00","twitter_card":"summary_large_image","schema":{"@context":"https:\/\/schema.org","@graph":[{"@type":"WebPage","@id":"https:\/\/truenmbstapp.de\/pt-pt\/","url":"https:\/\/truenmbstapp.de\/pt-pt\/","name":"NumBuster - Voc\u00ea sempre sabe quem est\u00e1 ligando","isPartOf":{"@id":"https:\/\/numbuster.com\/en\/#website"},"datePublished":"2024-08-05T20:30:22+00:00","dateModified":"2025-04-22T14:09:31+00:00","description":"Um identificador de chamadas pr\u00e1tico para Android e iPhone. Informa\u00e7\u00f5es detalhadas sobre o n\u00famero, avalia\u00e7\u00f5es, coment\u00e1rios, tags e muito mais.","breadcrumb":{"@id":"https:\/\/truenmbstapp.de\/pt-pt\/#breadcrumb"},"inLanguage":"pt-BR","potentialAction":[{"@type":"ReadAction","target":["https:\/\/truenmbstapp.de\/pt-pt\/"]}]},{"@type":"BreadcrumbList","@id":"https:\/\/truenmbstapp.de\/pt-pt\/#breadcrumb","itemListElement":[{"@type":"ListItem","position":1,"name":"Home","item":"https:\/\/numbuster.com\/pt-pt\/"},{"@type":"ListItem","position":2,"name":"Main page"}]},{"@type":"WebSite","@id":"https:\/\/numbuster.com\/en\/#website","url":"https:\/\/numbuster.com\/en\/","name":"NumBuster","description":"","potentialAction":[{"@type":"SearchAction","target":{"@type":"EntryPoint","urlTemplate":"https:\/\/numbuster.com\/en\/?s={search_term_string}"},"query-input":{"@type":"PropertyValueSpecification","valueRequired":true,"valueName":"search_term_string"}}],"inLanguage":"pt-BR"}]}},"_links":{"self":[{"href":"https:\/\/truenmbstapp.de\/pt-pt\/wp-json\/wp\/v2\/pages\/420","targetHints":{"allow":["GET"]}}],"collection":[{"href":"https:\/\/truenmbstapp.de\/pt-pt\/wp-json\/wp\/v2\/pages"}],"about":[{"href":"https:\/\/truenmbstapp.de\/pt-pt\/wp-json\/wp\/v2\/types\/page"}],"author":[{"embeddable":true,"href":"https:\/\/truenmbstapp.de\/pt-pt\/wp-json\/wp\/v2\/users\/1"}],"replies":[{"embeddable":true,"href":"https:\/\/truenmbstapp.de\/pt-pt\/wp-json\/wp\/v2\/comments?post=420"}],"version-history":[{"count":1,"href":"https:\/\/truenmbstapp.de\/pt-pt\/wp-json\/wp\/v2\/pages\/420\/revisions"}],"predecessor-version":[{"id":2169,"href":"https:\/\/truenmbstapp.de\/pt-pt\/wp-json\/wp\/v2\/pages\/420\/revisions\/2169"}],"wp:attachment":[{"href":"https:\/\/truenmbstapp.de\/pt-pt\/wp-json\/wp\/v2\/media?parent=420"}],"curies":[{"name":"wp","href":"https:\/\/api.w.org\/{rel}","templated":true}]}}