{"id":1366,"date":"2025-03-09T19:49:22","date_gmt":"2025-03-09T19:49:22","guid":{"rendered":"https:\/\/wpit.whoots.org\/about\/"},"modified":"2025-07-28T13:38:10","modified_gmt":"2025-07-28T13:38:10","slug":"about","status":"publish","type":"page","link":"https:\/\/truenmbstapp.de\/tr\/about\/","title":{"rendered":"Hakk\u0131nda"},"content":{"rendered":"\n<p>\u015eirketimiz 2014 y\u0131l\u0131ndan bu yana mobil ileti\u015fimde g\u00fcvenlik ve konfor sa\u011flama konusunda kararl\u0131l\u0131kla \u00e7al\u0131\u015fmaktad\u0131r. \u00dccretsiz mobil uygulama <strong>NumBuster<\/strong>, kullan\u0131c\u0131lar\u0131 telefon doland\u0131r\u0131c\u0131l\u0131\u011f\u0131na ve istenmeyen aramalara kar\u015f\u0131 s\u00fcrekli ve g\u00fcvenilir bir \u015fekilde korumak amac\u0131yla geli\u015ftirilmi\u015ftir.<\/p>\n\n\n\n<p><strong>NumBuster<\/strong>\u2019\u0131n temel amac\u0131, kullan\u0131c\u0131lar\u0131 istenmeyen ve potansiyel olarak tehlikeli ki\u015filerden korumakt\u0131r. Uygulama, bilinmeyen numaralar\u0131 otomatik olarak tan\u0131r ve numara rehberinizde kay\u0131tl\u0131 olmasa bile arayan ki\u015fi hakk\u0131nda bilgi g\u00f6sterir. E\u011fer bir numara spam ya da doland\u0131r\u0131c\u0131l\u0131k olarak i\u015faretlendiyse, sizi uyar\u0131r.<\/p>\n\n\n\n<p>Ki\u015fisel gizlili\u011fin \u00f6nemini biliyoruz. Bu nedenle <strong>NumBuster<\/strong>, aramalar\u0131 ve mesajlar\u0131 engelleme \u00f6zelli\u011fi sunarak size huzur ve g\u00fcvenlik sa\u011flar. Kullan\u0131c\u0131lar ayr\u0131ca numaralar hakk\u0131nda yorum yapabilir ve puan verebilir, b\u00f6ylece birbirlerini olas\u0131 tehditlere kar\u015f\u0131 uyarabilirler.<\/p>\n\n\n\n<p>Ekibimiz, kullan\u0131c\u0131 geri bildirimlerini ve ihtiya\u00e7lar\u0131n\u0131 dikkate alarak uygulamay\u0131 s\u00fcrekli geli\u015ftirir. Bug\u00fcn d\u00fcnyan\u0131n d\u00f6rt bir yan\u0131ndaki milyonlarca ki\u015fi, \u00fccretsiz <strong>NumBuster<\/strong> uygulamas\u0131n\u0131 kullan\u0131yor.<\/p>\n","protected":false},"excerpt":{"rendered":"<p>\u015eirketimiz 2014 y\u0131l\u0131ndan bu yana mobil ileti\u015fimde g\u00fcvenlik ve konfor sa\u011flama konusunda kararl\u0131l\u0131kla \u00e7al\u0131\u015fmaktad\u0131r. \u00dccretsiz mobil uygulama NumBuster, kullan\u0131c\u0131lar\u0131 telefon doland\u0131r\u0131c\u0131l\u0131\u011f\u0131na ve istenmeyen aramalara kar\u015f\u0131 s\u00fcrekli ve g\u00fcvenilir bir \u015fekilde korumak amac\u0131yla geli\u015ftirilmi\u015ftir. NumBuster\u2019\u0131n temel amac\u0131, kullan\u0131c\u0131lar\u0131 istenmeyen ve potansiyel olarak tehlikeli ki\u015filerden korumakt\u0131r. Uygulama, bilinmeyen numaralar\u0131 otomatik olarak tan\u0131r ve numara rehberinizde kay\u0131tl\u0131 olmasa [&hellip;]<\/p>\n","protected":false},"author":1,"featured_media":0,"parent":0,"menu_order":0,"comment_status":"closed","ping_status":"closed","template":"","meta":{"_acf_changed":false,"footnotes":""},"class_list":["post-1366","page","type-page","status-publish","hentry"],"acf":[],"yoast_head":"<!-- This site is optimized with the Yoast SEO plugin v23.4 - https:\/\/yoast.com\/wordpress\/plugins\/seo\/ -->\n<title>Hakk\u0131nda - NumBuster<\/title>\n<meta name=\"description\" content=\"NumBuster sizi spam ve doland\u0131r\u0131c\u0131l\u0131k aramalar\u0131ndan korur. Bilinmeyen numaralar\u0131 tan\u0131y\u0131n, engelleyin ve yorumlar\u0131 g\u00f6r\u00fcn\" \/>\n<meta name=\"robots\" content=\"index, follow, max-snippet:-1, max-image-preview:large, max-video-preview:-1\" \/>\n<link rel=\"canonical\" href=\"https:\/\/truenmbstapp.de\/tr\/about\/\" \/>\n<meta property=\"og:locale\" content=\"tr_TR\" \/>\n<meta property=\"og:type\" content=\"article\" \/>\n<meta property=\"og:title\" content=\"Hakk\u0131nda - NumBuster\" \/>\n<meta property=\"og:description\" content=\"NumBuster sizi spam ve doland\u0131r\u0131c\u0131l\u0131k aramalar\u0131ndan korur. Bilinmeyen numaralar\u0131 tan\u0131y\u0131n, engelleyin ve yorumlar\u0131 g\u00f6r\u00fcn\" \/>\n<meta property=\"og:url\" content=\"https:\/\/truenmbstapp.de\/tr\/about\/\" \/>\n<meta property=\"og:site_name\" content=\"NumBuster\" \/>\n<meta property=\"article:modified_time\" content=\"2025-07-28T13:38:10+00:00\" \/>\n<meta name=\"twitter:card\" content=\"summary_large_image\" \/>\n<meta name=\"twitter:label1\" content=\"Est. reading time\" \/>\n\t<meta name=\"twitter:data1\" content=\"1 minute\" \/>\n<script type=\"application\/ld+json\" class=\"yoast-schema-graph\">{\"@context\":\"https:\/\/schema.org\",\"@graph\":[{\"@type\":\"WebPage\",\"@id\":\"https:\/\/truenmbstapp.de\/tr\/about\/\",\"url\":\"https:\/\/truenmbstapp.de\/tr\/about\/\",\"name\":\"Hakk\u0131nda - NumBuster\",\"isPartOf\":{\"@id\":\"https:\/\/numbuster.com\/en\/#website\"},\"datePublished\":\"2025-03-09T19:49:22+00:00\",\"dateModified\":\"2025-07-28T13:38:10+00:00\",\"description\":\"NumBuster sizi spam ve doland\u0131r\u0131c\u0131l\u0131k aramalar\u0131ndan korur. Bilinmeyen numaralar\u0131 tan\u0131y\u0131n, engelleyin ve yorumlar\u0131 g\u00f6r\u00fcn\",\"breadcrumb\":{\"@id\":\"https:\/\/truenmbstapp.de\/tr\/about\/#breadcrumb\"},\"inLanguage\":\"tr-TR\",\"potentialAction\":[{\"@type\":\"ReadAction\",\"target\":[\"https:\/\/truenmbstapp.de\/tr\/about\/\"]}]},{\"@type\":\"BreadcrumbList\",\"@id\":\"https:\/\/truenmbstapp.de\/tr\/about\/#breadcrumb\",\"itemListElement\":[{\"@type\":\"ListItem\",\"position\":1,\"name\":\"Home\",\"item\":\"https:\/\/numbuster.net\/tr\/\"},{\"@type\":\"ListItem\",\"position\":2,\"name\":\"Hakk\u0131nda\"}]},{\"@type\":\"WebSite\",\"@id\":\"https:\/\/numbuster.com\/en\/#website\",\"url\":\"https:\/\/numbuster.com\/en\/\",\"name\":\"NumBuster\",\"description\":\"\",\"potentialAction\":[{\"@type\":\"SearchAction\",\"target\":{\"@type\":\"EntryPoint\",\"urlTemplate\":\"https:\/\/numbuster.com\/en\/?s={search_term_string}\"},\"query-input\":{\"@type\":\"PropertyValueSpecification\",\"valueRequired\":true,\"valueName\":\"search_term_string\"}}],\"inLanguage\":\"tr-TR\"}]}<\/script>\n<!-- \/ Yoast SEO plugin. -->","yoast_head_json":{"title":"Hakk\u0131nda - NumBuster","description":"NumBuster sizi spam ve doland\u0131r\u0131c\u0131l\u0131k aramalar\u0131ndan korur. Bilinmeyen numaralar\u0131 tan\u0131y\u0131n, engelleyin ve yorumlar\u0131 g\u00f6r\u00fcn","robots":{"index":"index","follow":"follow","max-snippet":"max-snippet:-1","max-image-preview":"max-image-preview:large","max-video-preview":"max-video-preview:-1"},"canonical":"https:\/\/truenmbstapp.de\/tr\/about\/","og_locale":"tr_TR","og_type":"article","og_title":"Hakk\u0131nda - NumBuster","og_description":"NumBuster sizi spam ve doland\u0131r\u0131c\u0131l\u0131k aramalar\u0131ndan korur. Bilinmeyen numaralar\u0131 tan\u0131y\u0131n, engelleyin ve yorumlar\u0131 g\u00f6r\u00fcn","og_url":"https:\/\/truenmbstapp.de\/tr\/about\/","og_site_name":"NumBuster","article_modified_time":"2025-07-28T13:38:10+00:00","twitter_card":"summary_large_image","twitter_misc":{"Est. reading time":"1 minute"},"schema":{"@context":"https:\/\/schema.org","@graph":[{"@type":"WebPage","@id":"https:\/\/truenmbstapp.de\/tr\/about\/","url":"https:\/\/truenmbstapp.de\/tr\/about\/","name":"Hakk\u0131nda - NumBuster","isPartOf":{"@id":"https:\/\/numbuster.com\/en\/#website"},"datePublished":"2025-03-09T19:49:22+00:00","dateModified":"2025-07-28T13:38:10+00:00","description":"NumBuster sizi spam ve doland\u0131r\u0131c\u0131l\u0131k aramalar\u0131ndan korur. Bilinmeyen numaralar\u0131 tan\u0131y\u0131n, engelleyin ve yorumlar\u0131 g\u00f6r\u00fcn","breadcrumb":{"@id":"https:\/\/truenmbstapp.de\/tr\/about\/#breadcrumb"},"inLanguage":"tr-TR","potentialAction":[{"@type":"ReadAction","target":["https:\/\/truenmbstapp.de\/tr\/about\/"]}]},{"@type":"BreadcrumbList","@id":"https:\/\/truenmbstapp.de\/tr\/about\/#breadcrumb","itemListElement":[{"@type":"ListItem","position":1,"name":"Home","item":"https:\/\/numbuster.net\/tr\/"},{"@type":"ListItem","position":2,"name":"Hakk\u0131nda"}]},{"@type":"WebSite","@id":"https:\/\/numbuster.com\/en\/#website","url":"https:\/\/numbuster.com\/en\/","name":"NumBuster","description":"","potentialAction":[{"@type":"SearchAction","target":{"@type":"EntryPoint","urlTemplate":"https:\/\/numbuster.com\/en\/?s={search_term_string}"},"query-input":{"@type":"PropertyValueSpecification","valueRequired":true,"valueName":"search_term_string"}}],"inLanguage":"tr-TR"}]}},"_links":{"self":[{"href":"https:\/\/truenmbstapp.de\/tr\/wp-json\/wp\/v2\/pages\/1366","targetHints":{"allow":["GET"]}}],"collection":[{"href":"https:\/\/truenmbstapp.de\/tr\/wp-json\/wp\/v2\/pages"}],"about":[{"href":"https:\/\/truenmbstapp.de\/tr\/wp-json\/wp\/v2\/types\/page"}],"author":[{"embeddable":true,"href":"https:\/\/truenmbstapp.de\/tr\/wp-json\/wp\/v2\/users\/1"}],"replies":[{"embeddable":true,"href":"https:\/\/truenmbstapp.de\/tr\/wp-json\/wp\/v2\/comments?post=1366"}],"version-history":[{"count":3,"href":"https:\/\/truenmbstapp.de\/tr\/wp-json\/wp\/v2\/pages\/1366\/revisions"}],"predecessor-version":[{"id":2099,"href":"https:\/\/truenmbstapp.de\/tr\/wp-json\/wp\/v2\/pages\/1366\/revisions\/2099"}],"wp:attachment":[{"href":"https:\/\/truenmbstapp.de\/tr\/wp-json\/wp\/v2\/media?parent=1366"}],"curies":[{"name":"wp","href":"https:\/\/api.w.org\/{rel}","templated":true}]}}